{"id":1773,"date":"2021-03-16T18:10:14","date_gmt":"2021-03-16T17:10:14","guid":{"rendered":"http:\/\/wampone\/websites\/farmaciabologni.local\/?page_id=1773"},"modified":"2021-04-22T16:17:22","modified_gmt":"2021-04-22T14:17:22","slug":"la-nostra-storia","status":"publish","type":"page","link":"https:\/\/www.farmaciabologni.it\/?page_id=1773","title":{"rendered":"La nostra storia"},"content":{"rendered":"<p>[vc_row][vc_column icons_position=&#8221;left&#8221;][vc_empty_space height=&#8221;1.3em&#8221; hide_on_desktop=&#8221;&#8221; hide_on_notebook=&#8221;&#8221; hide_on_tablet=&#8221;&#8221; hide_on_mobile=&#8221;&#8221;]<div id=\"sc_title_55642375\"\n\t\tclass=\"sc_title color_style_default sc_title_default\"><h2 class=\"sc_item_title sc_title_title sc_align_left sc_item_title_style_default\">La nostra storia<\/h2><\/div><!-- \/.sc_title -->[vc_empty_space height=&#8221;1.3em&#8221; hide_on_desktop=&#8221;&#8221; hide_on_notebook=&#8221;&#8221; hide_on_tablet=&#8221;&#8221; hide_on_mobile=&#8221;&#8221;][vc_empty_space height=&#8221;1.3em&#8221; hide_on_desktop=&#8221;&#8221; hide_on_notebook=&#8221;&#8221; hide_on_tablet=&#8221;&#8221; hide_on_mobile=&#8221;&#8221;][vc_column_text]<strong>Carlo REPETTI<\/strong>: era figlio del famoso storico-ricercatore\u00a0<b>Emanuele<\/b>, anch&#8217;egli Farmacista (si laure\u00f2 a Roma nel 1801). Era farmacista a Sarteano, maestro d\u00ec scuola a Cetona e Presidente o Segretario delle principali associazioni esistenti nel paese dove viveva. Apparteneva all&#8217;Accademia degli Umuli di Firenze. Molti documenti del suo tempo sono conservati nell&#8217;archivio storico della Farmacia. Carlo Repetti mor\u00ec nel 1875. Sua figlia\u00a0<b>Giulia<\/b> (nata dal matrimonio con Erminda Caporali) spos\u00f2 il Farmacista.<\/p>\n<p><b>Carlo VEGNI<\/b>\u00a0che prese il posto del Repetti quando questi mor\u00ec. Dal suo matrimonio nacquero\u00a0<b>Carlotta<\/b>\u00a0e Talia che ereditarono la Farmacia quando Carlo mor\u00ec nel 1903. Talia spos\u00f2 Bernardino Signorini, non ebbe figli e cedette le Farmacia alla sorella. Carlotta spos\u00f2\u00a0<b>Federico Bologni<\/b>\u00a0che non era laureato ed aveva un semplice brevettino che per un certo tempo gli permise di gestire le Farmacia legalmente. In attesa poi che i figli si laureassero, assunse periodicamente alcuni dottori in Farmacia che in pratica davano solo il nome, in quanto il lavoro era svolto da Federico, che intelligente e bravissimo, riusc\u00ec e risanare il bilancio economico, un po&#8217; dissestato per l&#8217;eccessiva generosit\u00e0 di Carlo Vegni.[\/vc_column_text][vc_empty_space height=&#8221;1.6em&#8221; hide_on_desktop=&#8221;&#8221; hide_on_notebook=&#8221;&#8221; hide_on_tablet=&#8221;&#8221; hide_on_mobile=&#8221;&#8221;][\/vc_column][\/vc_row][vc_row][vc_column width=&#8221;1\/2&#8243; icons_position=&#8221;left&#8221;][vc_raw_html]JTNDaWZyYW1lJTIwd2lkdGglM0QlMjI1NjAlMjIlMjBoZWlnaHQlM0QlMjIzMTUlMjIlMjBzcmMlM0QlMjJodHRwcyUzQSUyRiUyRnd3dy55b3V0dWJlLmNvbSUyRmVtYmVkJTJGc3M4M1AzQ25BV1ElMjIlMjB0aXRsZSUzRCUyMllvdVR1YmUlMjB2aWRlbyUyMHBsYXllciUyMiUyMGZyYW1lYm9yZGVyJTNEJTIyMCUyMiUyMGFsbG93JTNEJTIyYWNjZWxlcm9tZXRlciUzQiUyMGF1dG9wbGF5JTNCJTIwY2xpcGJvYXJkLXdyaXRlJTNCJTIwZW5jcnlwdGVkLW1lZGlhJTNCJTIwZ3lyb3Njb3BlJTNCJTIwcGljdHVyZS1pbi1waWN0dXJlJTIyJTIwYWxsb3dmdWxsc2NyZWVuJTNFJTNDJTJGaWZyYW1lJTNF[\/vc_raw_html][\/vc_column][vc_column width=&#8221;1\/2&#8243; icons_position=&#8221;left&#8221;][vc_empty_space height=&#8221;30px&#8221; alter_height=&#8221;medium&#8221; hide_on_desktop=&#8221;1&#8243; hide_on_notebook=&#8221;1&#8243; hide_on_tablet=&#8221;&#8221; hide_on_mobile=&#8221;&#8221;][vc_column_text]<b>Mario BOLOGNI<\/b>, uno dei due figli di Federico, nato nel 1899 e laureatosi nel 1922, lavor\u00f2 in Farmacia fino al 1927, quando prefer\u00ec andare a Citt\u00e0 d\u00ec Castello, dove diresse le Farmacia dell&#8217;Ospedale, finch\u00e9 compr\u00f2 la Farmacia Giulietti (prima Magnoni) di Chiusi Citt\u00e0, Farmacia tuttora di propriet\u00e0 Bologni. Il suo posto fu poi preso dal fratello Giulio BOLOGNI che rest\u00f2 a Sarteano fino al 1949 , quando prefer\u00ec andare e Firenze dove intraprese un&#8217;ottima attivit\u00e0 sempre in campo farmaceutico, poi seguitata da suo figlio Gianfranco, Farmacista, che successivamente acquist\u00f2 la Farmacia della Nave a Firenze, che tuttora possiede e nella quale lavora con il figlio Gherardo (farmacista anch&#8217;egli). Dopo un breve interregno in cui &#8216;dette il nome&#8217; il farmacista sarteanese Giovanni Roghi, venne a Sarteano[\/vc_column_text][\/vc_column][\/vc_row][vc_row][vc_column width=&#8221;1\/2&#8243; fix_column=&#8221;&#8221; hide_bg_image_on_tablet=&#8221;&#8221; hide_bg_image_on_mobile=&#8221;&#8221; icons_position=&#8221;left&#8221;][vc_empty_space height=&#8221;100px&#8221; alter_height=&#8221;none&#8221; hide_on_desktop=&#8221;&#8221; hide_on_notebook=&#8221;&#8221; hide_on_tablet=&#8221;1&#8243; hide_on_mobile=&#8221;1&#8243;][vc_empty_space height=&#8221;30px&#8221; alter_height=&#8221;medium&#8221; hide_on_desktop=&#8221;1&#8243; hide_on_notebook=&#8221;1&#8243; hide_on_tablet=&#8221;&#8221; hide_on_mobile=&#8221;&#8221;][vc_column_text]<b>Carlo BOLOGNI<\/b>\u00a0(figlio di Mario e Teresa Rinaldi). Nacque nel 1928 e si laure\u00f2 nel 1950; prese la direzione della Farmacia il 10 Gennaio 1951. Acquist\u00f2 quindi la Farmacia stessa del padre Mario e dello zio Giulio nel Novembre 1962 e ne \u00e8 stato Titolare fino alla sua scomparsa, il 27 novembre 2017.[\/vc_column_text][vc_empty_space height=&#8221;30px&#8221; hide_on_desktop=&#8221;&#8221; hide_on_notebook=&#8221;&#8221; hide_on_tablet=&#8221;&#8221; hide_on_mobile=&#8221;&#8221;][vc_column_text]<b>Federica BOLOGNI\u00a0<\/b>(figlia di Carlo ed Elena Pollastrini). Nata nel 1960, Federica si \u00e8 laureata, con 110 e lode, nel 1984 e dal 1985 collabora in farmacia.<\/p>\n<p><b>Sergio BOLOGNI\u00a0<\/b>(figlio di Carlo ed Elena Pollastrini). Nato nel 1961 e laureatosi nel 1986, collabora in farmacia dal 1989.<\/p>\n<p><strong>Marialetizia BOLOGNI<\/strong>\u00a0(figlia di Carlo ed Elena Pollastrini). Nata nel 1964, laureata in Relazioni Internazionali, \u00e8 proprietaria, insieme alla sorella e al fratello, della Farmacia Storica.[\/vc_column_text][vc_empty_space height=&#8221;30px&#8221; hide_on_desktop=&#8221;&#8221; hide_on_notebook=&#8221;&#8221; hide_on_tablet=&#8221;&#8221; hide_on_mobile=&#8221;&#8221;][\/vc_column][vc_column width=&#8221;1\/2&#8243; icons_position=&#8221;left&#8221;][vc_empty_space height=&#8221;30px&#8221; hide_on_desktop=&#8221;&#8221; hide_on_notebook=&#8221;&#8221; hide_on_tablet=&#8221;&#8221; hide_on_mobile=&#8221;&#8221;][vc_single_image image=&#8221;1798&#8243; img_size=&#8221;full&#8221; alignment=&#8221;center&#8221;][\/vc_column][\/vc_row][vc_row][vc_column icons_position=&#8221;left&#8221;][vc_empty_space height=&#8221;22px&#8221; alter_height=&#8221;small&#8221; hide_on_desktop=&#8221;&#8221; hide_on_notebook=&#8221;&#8221; hide_on_tablet=&#8221;&#8221; hide_on_mobile=&#8221;&#8221;][vc_column_text]In antico si hanno notizie d&#8217;archivio di un &#8220;Franciscus Aromatarius&#8221; che esercitava a Sarteano\u00a0nel 1343 presso il Convento Francescano, e di speziali che sono ricordati nell&#8217;Archivio Comunale di Chiusi, secondo notizia fornita da Don Giacomo Bersotti. Nel 1800 c&#8217;erano a Sarteano due Farmacie: una, Lunghini, dove si trovava fino al 2003 la Farmacia Bologni (Piazza XXIV Giugno, 18) e l&#8217;altra, Repetti, in corso Garibaldi, dove poi per lungo tempo \u00e8 stata una ferramenta (Bacherini, poi Gori, poi Giusti), poi, dal 1989, un negozio di mobili antichi, e attualmente un negozio di articoli da regalo.[\/vc_column_text][vc_empty_space height=&#8221;30px&#8221; hide_on_desktop=&#8221;&#8221; hide_on_notebook=&#8221;&#8221; hide_on_tablet=&#8221;&#8221; hide_on_mobile=&#8221;&#8221;][vc_row_inner][vc_column_inner width=&#8221;1\/3&#8243; icons_position=&#8221;left&#8221;][vc_empty_space height=&#8221;30px&#8221; hide_on_desktop=&#8221;&#8221; hide_on_notebook=&#8221;&#8221; hide_on_tablet=&#8221;&#8221; hide_on_mobile=&#8221;&#8221;][vc_single_image image=&#8221;1794&#8243; img_size=&#8221;full&#8221;][vc_empty_space height=&#8221;30px&#8221; hide_on_desktop=&#8221;&#8221; hide_on_notebook=&#8221;&#8221; hide_on_tablet=&#8221;&#8221; hide_on_mobile=&#8221;&#8221;][\/vc_column_inner][vc_column_inner width=&#8221;1\/3&#8243; icons_position=&#8221;left&#8221;][vc_empty_space height=&#8221;30px&#8221; hide_on_desktop=&#8221;&#8221; hide_on_notebook=&#8221;&#8221; hide_on_tablet=&#8221;&#8221; hide_on_mobile=&#8221;&#8221;][vc_single_image image=&#8221;1795&#8243; img_size=&#8221;full&#8221;][vc_empty_space height=&#8221;30px&#8221; hide_on_desktop=&#8221;&#8221; hide_on_notebook=&#8221;&#8221; hide_on_tablet=&#8221;&#8221; hide_on_mobile=&#8221;&#8221;][\/vc_column_inner][vc_column_inner width=&#8221;1\/3&#8243; icons_position=&#8221;left&#8221;][vc_empty_space height=&#8221;30px&#8221; hide_on_desktop=&#8221;&#8221; hide_on_notebook=&#8221;&#8221; hide_on_tablet=&#8221;&#8221; hide_on_mobile=&#8221;&#8221;][vc_single_image image=&#8221;1796&#8243; img_size=&#8221;full&#8221;][vc_empty_space height=&#8221;30px&#8221; hide_on_desktop=&#8221;&#8221; hide_on_notebook=&#8221;&#8221; hide_on_tablet=&#8221;&#8221; hide_on_mobile=&#8221;&#8221;][\/vc_column_inner][\/vc_row_inner][vc_empty_space height=&#8221;30px&#8221; hide_on_desktop=&#8221;&#8221; hide_on_notebook=&#8221;&#8221; hide_on_tablet=&#8221;&#8221; hide_on_mobile=&#8221;&#8221;][vc_column_text]Verso la prima met\u00e0 del 1800 la Farmacia Lunghini fall\u00ec e i Vegni, eredi dei Repetti, acquistarono casa e farmacia e trasferirono la propria attivit\u00e0, rovesciando l&#8217;insegna marmorea dove fu scritto &#8220;Farmacia Vegni&#8221; (sul retro: &#8220;Farmacia Lunghini&#8221;).<\/p>\n<p><strong>Le scaffalature della Farmacia, a quanto ha detto Federico Bologni che ha lavorato in questi locali della fine del 1800 ai primi anni &#8217;60, sono del 1833 e furono costruite dalla famiglia artigianale Chierici di Sarteano. I mobili non sono in stile Impero, come sembra, ma &#8220;Carlo X&#8221;, cio\u00e8 Restaurazione. Oltre agli stigli, c&#8217;era il bancone, un tavolino rotondo centrale e un tavolo fratino, tutti con piano marmoreo. C&#8217;erano infine dodici sgabelli, di cui sono restati sette.<\/strong>\u00a0Il 13 Ottobre del 2003, per meglio rispondere alle mutate esigenze del servizio, l&#8217;attivit\u00e0 si \u00e8 trasferita nei nuovi e pi\u00f9 spaziosi locali, in Via del Bagno Santo. L&#8217;antico locale \u00e8 ora museo della farmacia storica stessa.Le fotografie che seguono le vita della Farmacia dai primi del 1800 ad oggi sono ben conservate in un album, e cos\u00ec \u00e8 dei documenti che le precedono e le accompagnano.[\/vc_column_text][vc_empty_space height=&#8221;30px&#8221; hide_on_desktop=&#8221;&#8221; hide_on_notebook=&#8221;&#8221; hide_on_tablet=&#8221;&#8221; hide_on_mobile=&#8221;&#8221;][\/vc_column][\/vc_row]<\/p>\n","protected":false},"excerpt":{"rendered":"<p>[vc_row][vc_column icons_position=&#8221;left&#8221;][vc_empty_space height=&#8221;1.3em&#8221; hide_on_desktop=&#8221;&#8221; hide_on_notebook=&#8221;&#8221; hide_on_tablet=&#8221;&#8221; hide_on_mobile=&#8221;&#8221;][vc_empty_space height=&#8221;1.3em&#8221; hide_on_desktop=&#8221;&#8221; hide_on_notebook=&#8221;&#8221; hide_on_tablet=&#8221;&#8221; hide_on_mobile=&#8221;&#8221;][vc_empty_space height=&#8221;1.3em&#8221; hide_on_desktop=&#8221;&#8221; hide_on_notebook=&#8221;&#8221;&hellip;<\/p>\n","protected":false},"author":1,"featured_media":0,"parent":0,"menu_order":0,"comment_status":"closed","ping_status":"closed","template":"","meta":{"footnotes":""},"class_list":["post-1773","page","type-page","status-publish","hentry"],"_links":{"self":[{"href":"https:\/\/www.farmaciabologni.it\/index.php?rest_route=\/wp\/v2\/pages\/1773","targetHints":{"allow":["GET"]}}],"collection":[{"href":"https:\/\/www.farmaciabologni.it\/index.php?rest_route=\/wp\/v2\/pages"}],"about":[{"href":"https:\/\/www.farmaciabologni.it\/index.php?rest_route=\/wp\/v2\/types\/page"}],"author":[{"embeddable":true,"href":"https:\/\/www.farmaciabologni.it\/index.php?rest_route=\/wp\/v2\/users\/1"}],"replies":[{"embeddable":true,"href":"https:\/\/www.farmaciabologni.it\/index.php?rest_route=%2Fwp%2Fv2%2Fcomments&post=1773"}],"version-history":[{"count":33,"href":"https:\/\/www.farmaciabologni.it\/index.php?rest_route=\/wp\/v2\/pages\/1773\/revisions"}],"predecessor-version":[{"id":1814,"href":"https:\/\/www.farmaciabologni.it\/index.php?rest_route=\/wp\/v2\/pages\/1773\/revisions\/1814"}],"wp:attachment":[{"href":"https:\/\/www.farmaciabologni.it\/index.php?rest_route=%2Fwp%2Fv2%2Fmedia&parent=1773"}],"curies":[{"name":"wp","href":"https:\/\/api.w.org\/{rel}","templated":true}]}}